{"id":2,"date":"2014-04-16T20:26:54","date_gmt":"2014-04-16T20:26:54","guid":{"rendered":"http:\/\/spang.ch\/cook\/?page_id=2"},"modified":"2023-03-14T18:03:48","modified_gmt":"2023-03-14T17:03:48","slug":"sample-page","status":"publish","type":"page","link":"https:\/\/spang.ch\/cook\/en\/sample-page\/","title":{"rendered":"A propos"},"content":{"rendered":"<body>\n<blockquote class=\"wp-block-quote is-layout-flow wp-block-quote-is-layout-flow\">\n<p>Ce site est d\u00e9di\u00e9 \u00e0 P\u00e9pette<\/p>\n<\/blockquote>\n\n\n\n<p>C\u2019est un projet qui est n\u00e9 pour elle, en 2010-11 environ, quand je suis partie vivre seule. Il a \u00e9volu\u00e9 \u00e0 travers les ann\u00e9es. Au d\u00e9part, tout ce que je voulais \u00e9tait faire quelque chose de marrant et sympa pour ma soeurette en tant que son a\u00een\u00e9e ayant quitt\u00e9 la maison familiale pour vivre seule. J\u2019ai collect\u00e9 des recettes et pris note de ce que je faisais moi-m\u00eame, afin qu\u2019elle ait une base de laquelle commencer quand elle s\u2019envolerait du nid \u00e0 son tour (partant du principe un peu discriminatoire que mon fr\u00e9rot mettrait quelques milliers d\u2019ann\u00e9es avant de s\u2019int\u00e9resser \u00e0 la cuisine). Parce qu\u2019on est une famille de gens qui aiment manger, et que je suis en constante recherche de l\u2019\u00e9quilibre entre manger bien et manger gourmand. Pour partager ce grand plaisir de la vie.<\/p>\n\n\n\n<figure class=\"wp-block-image aligncenter\"><a href=\"http:\/\/spang.ch\/cook\/sample-page\/wgxo5891\/\"><img decoding=\"async\" width=\"873\" height=\"553\" src=\"http:\/\/spang.ch\/cook\/wp-content\/uploads\/2018\/07\/WGXO5891-e1531260450282.jpg\" alt=\"\" class=\"wp-image-154\" loading=\"lazy\" srcset=\"https:\/\/spang.ch\/cook\/wp-content\/uploads\/2018\/07\/WGXO5891-e1531260450282.jpg 873w, https:\/\/spang.ch\/cook\/wp-content\/uploads\/2018\/07\/WGXO5891-e1531260450282-300x190.jpg 300w, https:\/\/spang.ch\/cook\/wp-content\/uploads\/2018\/07\/WGXO5891-e1531260450282-768x486.jpg 768w\" sizes=\"(max-width: 873px) 100vw, 873px\" \/><\/a><\/figure>\n\n\n\n<p>Je voulais faire un vrai livre de cuisine \u00e0 ma sister\u2026 si c\u2019est pas cool \u00e7a. Mais, avec les ann\u00e9es qui passent, je me suis rendu compte que je n\u2019emploie pas beaucoup mes livres de cuisine moi-m\u00eame \u2013 trop triste. J\u2019adore les avoir et les regarder, mais force m\u2019a \u00e9t\u00e9 de constater que je ne les emploie jamais vraiment. Internet est bien trop vari\u00e9, avec des blogs ou des tutos pour d\u00e9couvrir de nouvelles id\u00e9es! (et, plus r\u00e9cemment, l\u2019inspiration des reels sur insta) C\u2019est normalement l\u00e0 que je cherche un peu de cr\u00e9ativit\u00e9.<\/p>\n\n\n\n<blockquote class=\"wp-block-quote is-layout-flow wp-block-quote-is-layout-flow\">\n<p>Donc, j\u2019ai compris qu\u2019il fallait que je passe \u00e0 une version de cadeau 2.0, parce que ma p\u2019tite soeurette est encore plus une enfant de la technologie que moi-m\u00eame, \u00e9tant n\u00e9e 9 bonnes ann\u00e9es plus tard.<\/p>\n<\/blockquote>\n\n\n\n<p>Et donc j\u2019\u00e9tais l\u00e0, motiv\u00e9e \u00e0 faire un site. Autant dire que je suis pass\u00e9e par la case html et css, mais qu\u2019il s\u2019est finalement av\u00e9r\u00e9 que le CMS \u00e9tait plus adapt\u00e9. Langage barbare pour dire que tout cr\u00e9er soi-m\u00eame de z\u00e9ro n\u2019amenait pas des r\u00e9sultats tr\u00e8s satisfaisant, et que pour collectionner des recettes mieux valait passer par des structures de site pr\u00e9-existantes.<\/p>\n\n\n\n<p>Voil\u00e0 ce que j\u2019ai r\u00e9ussi \u00e0 accomplir jusqu\u2019\u00e0 pr\u00e9sent. Ca a \u00e9t\u00e9 plut\u00f4t amusant \u00e0 faire, je dois dire. Avec le temps, j\u2019ai commenc\u00e9 \u00e0 le voir plus comme un outil multi-fonctionnel o\u00f9 je pourrais simplement stocker tout ce que j\u2019aime et y ai entass\u00e9 des souvenirs de voyage, jusqu\u2019\u00e0 comprendre qu\u2019il valait mieux maintenir ces diff\u00e9rents int\u00e9r\u00eats dans des blogs s\u00e9par\u00e9s. Ce projet m\u2019a ainsi amen\u00e9e \u00e0 avoir mon propre blog de voyage durant mes vagabondages sudam\u00e9ricains (voir <a href=\"http:\/\/www.spang.ch\/aude\">En qu\u00eate de beaut\u00e9<\/a>).\u00a0<\/p>\n\n\n\n<p>Quant \u00e0 celui-ci, de blog, il s\u2019\u00e9toffe petit \u00e0 petit. Il grandit avec les ann\u00e9es, et maintenant Marie en est \u00e9galement \u00e9ditrice. L\u2019id\u00e9e est donc qu\u2019il serve de livre de cuisine en ligne, pour mon usage personnel, si \u00e7a la branche celui de ma soeur, du reste de notre famille, et peut-\u00eatre aussi celui d\u2019ami-e-s passant au hasard qui peuvent y trouver un quelconque int\u00e9r\u00eat. En ce qui me concerne, il m\u2019est r\u00e9guli\u00e8rement utile et j\u2019appr\u00e9cie d\u2019avoir cette base de donn\u00e9es sous la main, qui me permet de facilement partager des recettes avec mes proches.<\/p>\n\n\n\n<p>Je t\u2019envoie plein d\u2019amour, d\u2019o\u00f9 que je sois en ce moment et o\u00f9 que tu le re\u00e7oives\u2026 et \u00e0 Remsou aussi!<\/p>\n\n\n\n<p>Malicieusement tienne,<\/p>\n\n\n\n<p><em>Aude<\/em><\/p>\n\n\n\n<p><small>PS: toutes les images et photos sur ce site nous appartiennent sauf sp\u00e9cifi\u00e9, il est permis de les utiliser mais uniquement en indiquant que ce site en est la source, merci<\/small><\/p>\n\n\n\n<p><small>Derni\u00e8re mise \u00e0 jour de cette page: 2023<\/small><\/p>\n<\/body>","protected":false},"excerpt":{"rendered":"<p>Ce site est d\u00e9di\u00e9 \u00e0 P\u00e9pette C\u2019est un projet qui est n\u00e9 pour elle, en 2010-11 environ, quand je suis partie vivre seule. Il a \u00e9volu\u00e9 \u00e0 travers les ann\u00e9es. Au d\u00e9part, tout ce que je voulais \u00e9tait faire quelque chose de marrant et sympa<\/p>\n<p class=\"entry-excerpt-more\"><a class=\"read-more\" href=\"https:\/\/spang.ch\/cook\/en\/sample-page\/\">Read More <i class=\"fa fa-long-arrow-right\"><\/i><\/a><\/p>\n","protected":false},"author":1,"featured_media":0,"parent":0,"menu_order":0,"comment_status":"open","ping_status":"open","template":"","meta":{"footnotes":""},"class_list":["post-2","page","type-page","status-publish","hentry"],"_links":{"self":[{"href":"https:\/\/spang.ch\/cook\/en\/wp-json\/wp\/v2\/pages\/2"}],"collection":[{"href":"https:\/\/spang.ch\/cook\/en\/wp-json\/wp\/v2\/pages"}],"about":[{"href":"https:\/\/spang.ch\/cook\/en\/wp-json\/wp\/v2\/types\/page"}],"author":[{"embeddable":true,"href":"https:\/\/spang.ch\/cook\/en\/wp-json\/wp\/v2\/users\/1"}],"replies":[{"embeddable":true,"href":"https:\/\/spang.ch\/cook\/en\/wp-json\/wp\/v2\/comments?post=2"}],"version-history":[{"count":17,"href":"https:\/\/spang.ch\/cook\/en\/wp-json\/wp\/v2\/pages\/2\/revisions"}],"predecessor-version":[{"id":862,"href":"https:\/\/spang.ch\/cook\/en\/wp-json\/wp\/v2\/pages\/2\/revisions\/862"}],"wp:attachment":[{"href":"https:\/\/spang.ch\/cook\/en\/wp-json\/wp\/v2\/media?parent=2"}],"curies":[{"name":"wp","href":"https:\/\/api.w.org\/{rel}","templated":true}]}}